{"id":317,"date":"2025-12-11T10:52:13","date_gmt":"2025-12-11T09:52:13","guid":{"rendered":"http:\/\/traumbadbayern.gw-a.de\/?page_id=317"},"modified":"2025-12-12T15:54:28","modified_gmt":"2025-12-12T14:54:28","slug":"impressionen","status":"publish","type":"page","link":"https:\/\/traumbadbayern.gw-a.de\/?page_id=317","title":{"rendered":"Impressionen"},"content":{"rendered":"\t\t<div data-elementor-type=\"wp-page\" data-elementor-id=\"317\" class=\"elementor elementor-317\" data-elementor-post-type=\"page\">\n\t\t\t\t<div class=\"elementor-element elementor-element-0d70a1c e-flex e-con-boxed e-con e-parent\" data-id=\"0d70a1c\" data-element_type=\"container\" data-e-type=\"container\" data-settings=\"{&quot;background_background&quot;:&quot;video&quot;,&quot;shape_divider_bottom&quot;:&quot;waves&quot;,&quot;background_video_link&quot;:&quot;http:\\\/\\\/traumbadbayern.gw-a.de\\\/wp-content\\\/uploads\\\/2025\\\/12\\\/0_Apartment_Living_1280x720.mp4&quot;}\">\n\t\t\t\t\t<div class=\"e-con-inner\">\n\t\t<div class=\"elementor-background-video-container elementor-hidden-mobile\">\n\t\t\t\t\t\t\t<video class=\"elementor-background-video-hosted\" role=\"presentation\" autoplay muted playsinline loop><\/video>\n\t\t\t\t\t<\/div>\t\t<div class=\"elementor-shape elementor-shape-bottom\" aria-hidden=\"true\" data-negative=\"false\">\n\t\t\t<svg xmlns=\"http:\/\/www.w3.org\/2000\/svg\" viewBox=\"0 0 1000 100\" preserveAspectRatio=\"none\">\n\t<path class=\"elementor-shape-fill\" d=\"M421.9,6.5c22.6-2.5,51.5,0.4,75.5,5.3c23.6,4.9,70.9,23.5,100.5,35.7c75.8,32.2,133.7,44.5,192.6,49.7\n\tc23.6,2.1,48.7,3.5,103.4-2.5c54.7-6,106.2-25.6,106.2-25.6V0H0v30.3c0,0,72,32.6,158.4,30.5c39.2-0.7,92.8-6.7,134-22.4\n\tc21.2-8.1,52.2-18.2,79.7-24.2C399.3,7.9,411.6,7.5,421.9,6.5z\"\/>\n<\/svg>\t\t<\/div>\n\t\t<div class=\"elementor-element elementor-element-27493c9 e-con-full e-flex e-con e-child\" data-id=\"27493c9\" data-element_type=\"container\" data-e-type=\"container\">\n\t\t\t\t<div class=\"elementor-element elementor-element-9dd96b7 elementor-widget elementor-widget-heading\" data-id=\"9dd96b7\" data-element_type=\"widget\" data-e-type=\"widget\" data-widget_type=\"heading.default\">\n\t\t\t\t\t<h3 class=\"elementor-heading-title elementor-size-default\">Augenblick mal:<\/h3>\t\t\t\t<\/div>\n\t\t\t\t<div class=\"elementor-element elementor-element-678b6c9 elementor-widget elementor-widget-heading\" data-id=\"678b6c9\" data-element_type=\"widget\" data-e-type=\"widget\" data-widget_type=\"heading.default\">\n\t\t\t\t\t<h1 class=\"elementor-heading-title elementor-size-default\">Referenzen, die f\u00fcr sich sprechen - und f\u00fcr uns.<\/h1>\t\t\t\t<\/div>\n\t\t\t\t<\/div>\n\t\t\t\t\t<\/div>\n\t\t\t\t<\/div>\n\t\t<div class=\"elementor-element elementor-element-d9497dd e-flex e-con-boxed e-con e-parent\" data-id=\"d9497dd\" data-element_type=\"container\" data-e-type=\"container\" data-settings=\"{&quot;background_background&quot;:&quot;classic&quot;}\">\n\t\t\t\t\t<div class=\"e-con-inner\">\n\t\t<div class=\"elementor-element elementor-element-f8d2392 e-con-full e-flex e-con e-child\" data-id=\"f8d2392\" data-element_type=\"container\" data-e-type=\"container\">\n\t\t\t\t<div class=\"elementor-element elementor-element-3095fbf elementor-widget elementor-widget-heading\" data-id=\"3095fbf\" data-element_type=\"widget\" data-e-type=\"widget\" data-widget_type=\"heading.default\">\n\t\t\t\t\t<h2 class=\"elementor-heading-title elementor-size-default\">Aus alt mach Traumbad.<\/h2>\t\t\t\t<\/div>\n\t\t\t\t<div class=\"elementor-element elementor-element-0f96247 elementor-widget elementor-widget-heading\" data-id=\"0f96247\" data-element_type=\"widget\" data-e-type=\"widget\" data-widget_type=\"heading.default\">\n\t\t\t\t\t<h2 class=\"elementor-heading-title elementor-size-default\">Design trifft Funktionalit\u00e4t.<\/h2>\t\t\t\t<\/div>\n\t\t\t\t<div class=\"elementor-element elementor-element-302ebb2 elementor-widget elementor-widget-text-editor\" data-id=\"302ebb2\" data-element_type=\"widget\" data-e-type=\"widget\" data-widget_type=\"text-editor.default\">\n\t\t\t\t\t\t\t\t\t<p class=\"p1\">Im Rahmen dieses Projekts wurde ein \u00fcber 25 Jahre altes Badezimmer vollst\u00e4ndig neu gestaltet. Die alte Wanne wurde durch eine gro\u00dfz\u00fcgige, ebenerdige Dusche ersetzt, um den Raum offener und komfortabler zu machen. Alle Wand- und Bodenfliesen wurden entfernt und durch gro\u00dfformatige Feinsteinzeugfliesen in moderner Betonoptik ersetzt.<\/p>\t\t\t\t\t\t\t\t<\/div>\n\t\t\t\t<\/div>\n\t\t<div class=\"elementor-element elementor-element-af5bf64 e-con-full e-flex e-con e-child\" data-id=\"af5bf64\" data-element_type=\"container\" data-e-type=\"container\">\n\t\t\t\t<div class=\"elementor-element elementor-element-ebe780f uael-ba-label-both uael-ba-halign-center elementor-widget elementor-widget-uael-ba-slider\" data-id=\"ebe780f\" data-element_type=\"widget\" data-e-type=\"widget\" data-widget_type=\"uael-ba-slider.default\">\n\t\t\t\t<div class=\"elementor-widget-container\">\n\t\t\t\t\t\t\t<div class=\"uael-before-after-slider\">\n\t\t\t<div class=\"uael-ba-container\" data-move-on-hover=\"yes\" data-orientation=\"horizontal\" data-offset=\"0.7\">\n\t\t\t\t<img decoding=\"async\" class=\"uael-before-img\" style=\"position: absolute\" src=\"https:\/\/traumbadbayern.gw-a.de\/wp-content\/uploads\/2025\/12\/before_bath-1024x675.jpg\" alt=\"Vorher\" \/>\n\t\t\t\t<img decoding=\"async\" class=\"uael-after-img\" src=\"https:\/\/traumbadbayern.gw-a.de\/wp-content\/uploads\/2025\/12\/after_bath-1024x675.jpg\" alt=\"Nachher\" \/>\n\t\t\t<\/div>\n\t\t<\/div>\n\t\t\t\t\t\t<\/div>\n\t\t\t\t<\/div>\n\t\t\t\t<\/div>\n\t\t\t\t\t<\/div>\n\t\t\t\t<\/div>\n\t\t<div class=\"elementor-element elementor-element-e5db844 e-flex e-con-boxed e-con e-parent\" data-id=\"e5db844\" data-element_type=\"container\" data-e-type=\"container\" data-settings=\"{&quot;background_background&quot;:&quot;classic&quot;}\">\n\t\t\t\t\t<div class=\"e-con-inner\">\n\t\t<div class=\"elementor-element elementor-element-0e06dd0 e-con-full e-flex e-con e-child\" data-id=\"0e06dd0\" data-element_type=\"container\" data-e-type=\"container\">\n\t\t\t\t<div class=\"elementor-element elementor-element-d044afe uael-ba-label-both uael-ba-halign-center elementor-widget elementor-widget-uael-ba-slider\" data-id=\"d044afe\" data-element_type=\"widget\" data-e-type=\"widget\" data-widget_type=\"uael-ba-slider.default\">\n\t\t\t\t<div class=\"elementor-widget-container\">\n\t\t\t\t\t\t\t<div class=\"uael-before-after-slider\">\n\t\t\t<div class=\"uael-ba-container\" data-move-on-hover=\"yes\" data-orientation=\"horizontal\" data-offset=\"0.7\">\n\t\t\t\t<img decoding=\"async\" class=\"uael-before-img\" style=\"position: absolute\" src=\"https:\/\/traumbadbayern.gw-a.de\/wp-content\/uploads\/2025\/12\/before_bath-1024x675.jpg\" alt=\"Vorher\" \/>\n\t\t\t\t<img decoding=\"async\" class=\"uael-after-img\" src=\"https:\/\/traumbadbayern.gw-a.de\/wp-content\/uploads\/2025\/12\/after_bath-1024x675.jpg\" alt=\"Nachher\" \/>\n\t\t\t<\/div>\n\t\t<\/div>\n\t\t\t\t\t\t<\/div>\n\t\t\t\t<\/div>\n\t\t\t\t<\/div>\n\t\t<div class=\"elementor-element elementor-element-7f0756a e-con-full e-flex e-con e-child\" data-id=\"7f0756a\" data-element_type=\"container\" data-e-type=\"container\">\n\t\t\t\t<div class=\"elementor-element elementor-element-6c2da8b elementor-widget elementor-widget-heading\" data-id=\"6c2da8b\" data-element_type=\"widget\" data-e-type=\"widget\" data-widget_type=\"heading.default\">\n\t\t\t\t\t<h2 class=\"elementor-heading-title elementor-size-default\">Aus alt mach Traumbad.<\/h2>\t\t\t\t<\/div>\n\t\t\t\t<div class=\"elementor-element elementor-element-bb98b9b elementor-widget elementor-widget-heading\" data-id=\"bb98b9b\" data-element_type=\"widget\" data-e-type=\"widget\" data-widget_type=\"heading.default\">\n\t\t\t\t\t<h2 class=\"elementor-heading-title elementor-size-default\">Wohlige Wellness-Oase.<\/h2>\t\t\t\t<\/div>\n\t\t\t\t<div class=\"elementor-element elementor-element-9581b99 elementor-widget elementor-widget-text-editor\" data-id=\"9581b99\" data-element_type=\"widget\" data-e-type=\"widget\" data-widget_type=\"text-editor.default\">\n\t\t\t\t\t\t\t\t\t<p class=\"p1\">Im Rahmen dieses Projekts wurde ein \u00fcber 25 Jahre altes Badezimmer vollst\u00e4ndig neu gestaltet. Die alte Wanne wurde durch eine gro\u00dfz\u00fcgige, ebenerdige Dusche ersetzt, um den Raum offener und komfortabler zu machen. Alle Wand- und Bodenfliesen wurden entfernt und durch gro\u00dfformatige Feinsteinzeugfliesen in moderner Betonoptik ersetzt.<\/p>\t\t\t\t\t\t\t\t<\/div>\n\t\t\t\t<\/div>\n\t\t\t\t\t<\/div>\n\t\t\t\t<\/div>\n\t\t<div class=\"elementor-element elementor-element-e9b3a33 e-flex e-con-boxed e-con e-parent\" data-id=\"e9b3a33\" data-element_type=\"container\" data-e-type=\"container\" data-settings=\"{&quot;background_background&quot;:&quot;classic&quot;}\">\n\t\t\t\t\t<div class=\"e-con-inner\">\n\t\t<div class=\"elementor-element elementor-element-0a2a239 e-con-full e-flex e-con e-child\" data-id=\"0a2a239\" data-element_type=\"container\" data-e-type=\"container\">\n\t\t\t\t<div class=\"elementor-element elementor-element-21e327e elementor-widget elementor-widget-heading\" data-id=\"21e327e\" data-element_type=\"widget\" data-e-type=\"widget\" data-widget_type=\"heading.default\">\n\t\t\t\t\t<h2 class=\"elementor-heading-title elementor-size-default\">Aus alt mach Traumbad.<\/h2>\t\t\t\t<\/div>\n\t\t\t\t<div class=\"elementor-element elementor-element-df872ca elementor-widget elementor-widget-heading\" data-id=\"df872ca\" data-element_type=\"widget\" data-e-type=\"widget\" data-widget_type=\"heading.default\">\n\t\t\t\t\t<h2 class=\"elementor-heading-title elementor-size-default\">Raum zum Wohlf\u00fchlen.<\/h2>\t\t\t\t<\/div>\n\t\t\t\t<div class=\"elementor-element elementor-element-233ada1 elementor-widget elementor-widget-text-editor\" data-id=\"233ada1\" data-element_type=\"widget\" data-e-type=\"widget\" data-widget_type=\"text-editor.default\">\n\t\t\t\t\t\t\t\t\t<p class=\"p1\">Im Rahmen dieses Projekts wurde ein \u00fcber 25 Jahre altes Badezimmer vollst\u00e4ndig neu gestaltet. Die alte Wanne wurde durch eine gro\u00dfz\u00fcgige, ebenerdige Dusche ersetzt, um den Raum offener und komfortabler zu machen. Alle Wand- und Bodenfliesen wurden entfernt und durch gro\u00dfformatige Feinsteinzeugfliesen in moderner Betonoptik ersetzt.<\/p>\t\t\t\t\t\t\t\t<\/div>\n\t\t\t\t<\/div>\n\t\t<div class=\"elementor-element elementor-element-903cd95 e-con-full e-flex e-con e-child\" data-id=\"903cd95\" data-element_type=\"container\" data-e-type=\"container\">\n\t\t\t\t<div class=\"elementor-element elementor-element-5004c4d uael-ba-label-both uael-ba-halign-center elementor-widget elementor-widget-uael-ba-slider\" data-id=\"5004c4d\" data-element_type=\"widget\" data-e-type=\"widget\" data-widget_type=\"uael-ba-slider.default\">\n\t\t\t\t<div class=\"elementor-widget-container\">\n\t\t\t\t\t\t\t<div class=\"uael-before-after-slider\">\n\t\t\t<div class=\"uael-ba-container\" data-move-on-hover=\"yes\" data-orientation=\"horizontal\" data-offset=\"0.7\">\n\t\t\t\t<img decoding=\"async\" class=\"uael-before-img\" style=\"position: absolute\" src=\"https:\/\/traumbadbayern.gw-a.de\/wp-content\/uploads\/2025\/12\/before_bath-1024x675.jpg\" alt=\"Vorher\" \/>\n\t\t\t\t<img decoding=\"async\" class=\"uael-after-img\" src=\"https:\/\/traumbadbayern.gw-a.de\/wp-content\/uploads\/2025\/12\/after_bath-1024x675.jpg\" alt=\"Nachher\" \/>\n\t\t\t<\/div>\n\t\t<\/div>\n\t\t\t\t\t\t<\/div>\n\t\t\t\t<\/div>\n\t\t\t\t<\/div>\n\t\t\t\t\t<\/div>\n\t\t\t\t<\/div>\n\t\t<div class=\"elementor-element elementor-element-40ac011 e-flex e-con-boxed e-con e-parent\" data-id=\"40ac011\" data-element_type=\"container\" data-e-type=\"container\" data-settings=\"{&quot;background_background&quot;:&quot;classic&quot;}\">\n\t\t\t\t\t<div class=\"e-con-inner\">\n\t\t<div class=\"elementor-element elementor-element-dbef55b e-con-full e-flex e-con e-child\" data-id=\"dbef55b\" data-element_type=\"container\" data-e-type=\"container\">\n\t\t\t\t<div class=\"elementor-element elementor-element-e893bf5 elementor-widget elementor-widget-heading\" data-id=\"e893bf5\" data-element_type=\"widget\" data-e-type=\"widget\" data-widget_type=\"heading.default\">\n\t\t\t\t\t<h2 class=\"elementor-heading-title elementor-size-default\">Aus alt mach Traumbad.<\/h2>\t\t\t\t<\/div>\n\t\t\t\t<div class=\"elementor-element elementor-element-7072eaa elementor-widget elementor-widget-heading\" data-id=\"7072eaa\" data-element_type=\"widget\" data-e-type=\"widget\" data-widget_type=\"heading.default\">\n\t\t\t\t\t<h2 class=\"elementor-heading-title elementor-size-default\">Weitere Impressionen<\/h2>\t\t\t\t<\/div>\n\t\t\t\t<div class=\"elementor-element elementor-element-58c770d elementor-widget elementor-widget-gallery\" data-id=\"58c770d\" data-element_type=\"widget\" data-e-type=\"widget\" data-settings=\"{&quot;lazyload&quot;:&quot;yes&quot;,&quot;gallery_layout&quot;:&quot;grid&quot;,&quot;columns&quot;:4,&quot;columns_tablet&quot;:2,&quot;columns_mobile&quot;:1,&quot;gap&quot;:{&quot;unit&quot;:&quot;px&quot;,&quot;size&quot;:10,&quot;sizes&quot;:[]},&quot;gap_tablet&quot;:{&quot;unit&quot;:&quot;px&quot;,&quot;size&quot;:10,&quot;sizes&quot;:[]},&quot;gap_mobile&quot;:{&quot;unit&quot;:&quot;px&quot;,&quot;size&quot;:10,&quot;sizes&quot;:[]},&quot;link_to&quot;:&quot;file&quot;,&quot;aspect_ratio&quot;:&quot;3:2&quot;,&quot;overlay_background&quot;:&quot;yes&quot;,&quot;content_hover_animation&quot;:&quot;fade-in&quot;}\" data-widget_type=\"gallery.default\">\n\t\t\t\t\t\t\t<div class=\"elementor-gallery__container\">\n\t\t\t\t\t\t\t<a class=\"e-gallery-item elementor-gallery-item elementor-animated-content\" href=\"https:\/\/traumbadbayern.gw-a.de\/wp-content\/uploads\/2025\/12\/IMG_2963.jpg\" data-elementor-open-lightbox=\"yes\" data-elementor-lightbox-slideshow=\"58c770d\" data-e-action-hash=\"#elementor-action%3Aaction%3Dlightbox%26settings%3DeyJpZCI6NDU3LCJ1cmwiOiJodHRwczpcL1wvdHJhdW1iYWRiYXllcm4uZ3ctYS5kZVwvd3AtY29udGVudFwvdXBsb2Fkc1wvMjAyNVwvMTJcL0lNR18yOTYzLmpwZyIsInNsaWRlc2hvdyI6IjU4Yzc3MGQifQ%3D%3D\">\n\t\t\t\t\t<div class=\"e-gallery-image elementor-gallery-item__image\" data-thumbnail=\"https:\/\/traumbadbayern.gw-a.de\/wp-content\/uploads\/2025\/12\/IMG_2963-768x1024.jpg\" data-width=\"768\" data-height=\"1024\" aria-label=\"\" role=\"img\" ><\/div>\n\t\t\t\t\t\t\t\t\t\t\t<div class=\"elementor-gallery-item__overlay\"><\/div>\n\t\t\t\t\t\t\t\t\t\t\t\t\t\t<\/a>\n\t\t\t\t\t\t\t<a class=\"e-gallery-item elementor-gallery-item elementor-animated-content\" href=\"https:\/\/traumbadbayern.gw-a.de\/wp-content\/uploads\/2025\/12\/IMG_2964.jpg\" data-elementor-open-lightbox=\"yes\" data-elementor-lightbox-slideshow=\"58c770d\" data-e-action-hash=\"#elementor-action%3Aaction%3Dlightbox%26settings%3DeyJpZCI6NDU4LCJ1cmwiOiJodHRwczpcL1wvdHJhdW1iYWRiYXllcm4uZ3ctYS5kZVwvd3AtY29udGVudFwvdXBsb2Fkc1wvMjAyNVwvMTJcL0lNR18yOTY0LmpwZyIsInNsaWRlc2hvdyI6IjU4Yzc3MGQifQ%3D%3D\">\n\t\t\t\t\t<div class=\"e-gallery-image elementor-gallery-item__image\" data-thumbnail=\"https:\/\/traumbadbayern.gw-a.de\/wp-content\/uploads\/2025\/12\/IMG_2964-1024x768.jpg\" data-width=\"800\" data-height=\"600\" aria-label=\"\" role=\"img\" ><\/div>\n\t\t\t\t\t\t\t\t\t\t\t<div class=\"elementor-gallery-item__overlay\"><\/div>\n\t\t\t\t\t\t\t\t\t\t\t\t\t\t<\/a>\n\t\t\t\t\t\t\t<a class=\"e-gallery-item elementor-gallery-item elementor-animated-content\" href=\"https:\/\/traumbadbayern.gw-a.de\/wp-content\/uploads\/2025\/12\/IMG_2965.jpg\" data-elementor-open-lightbox=\"yes\" data-elementor-lightbox-slideshow=\"58c770d\" data-e-action-hash=\"#elementor-action%3Aaction%3Dlightbox%26settings%3DeyJpZCI6NDU5LCJ1cmwiOiJodHRwczpcL1wvdHJhdW1iYWRiYXllcm4uZ3ctYS5kZVwvd3AtY29udGVudFwvdXBsb2Fkc1wvMjAyNVwvMTJcL0lNR18yOTY1LmpwZyIsInNsaWRlc2hvdyI6IjU4Yzc3MGQifQ%3D%3D\">\n\t\t\t\t\t<div class=\"e-gallery-image elementor-gallery-item__image\" data-thumbnail=\"https:\/\/traumbadbayern.gw-a.de\/wp-content\/uploads\/2025\/12\/IMG_2965-1024x1024.jpg\" data-width=\"800\" data-height=\"800\" aria-label=\"\" role=\"img\" ><\/div>\n\t\t\t\t\t\t\t\t\t\t\t<div class=\"elementor-gallery-item__overlay\"><\/div>\n\t\t\t\t\t\t\t\t\t\t\t\t\t\t<\/a>\n\t\t\t\t\t\t\t<a class=\"e-gallery-item elementor-gallery-item elementor-animated-content\" href=\"https:\/\/traumbadbayern.gw-a.de\/wp-content\/uploads\/2025\/12\/PNG-Bild-2.png\" data-elementor-open-lightbox=\"yes\" data-elementor-lightbox-slideshow=\"58c770d\" data-e-action-hash=\"#elementor-action%3Aaction%3Dlightbox%26settings%3DeyJpZCI6NDYwLCJ1cmwiOiJodHRwczpcL1wvdHJhdW1iYWRiYXllcm4uZ3ctYS5kZVwvd3AtY29udGVudFwvdXBsb2Fkc1wvMjAyNVwvMTJcL1BORy1CaWxkLTIucG5nIiwic2xpZGVzaG93IjoiNThjNzcwZCJ9\">\n\t\t\t\t\t<div class=\"e-gallery-image elementor-gallery-item__image\" data-thumbnail=\"https:\/\/traumbadbayern.gw-a.de\/wp-content\/uploads\/2025\/12\/PNG-Bild-2-768x1024.png\" data-width=\"768\" data-height=\"1024\" aria-label=\"\" role=\"img\" ><\/div>\n\t\t\t\t\t\t\t\t\t\t\t<div class=\"elementor-gallery-item__overlay\"><\/div>\n\t\t\t\t\t\t\t\t\t\t\t\t\t\t<\/a>\n\t\t\t\t\t\t\t<a class=\"e-gallery-item elementor-gallery-item elementor-animated-content\" href=\"https:\/\/traumbadbayern.gw-a.de\/wp-content\/uploads\/2025\/12\/PNG-Bild-3.png\" data-elementor-open-lightbox=\"yes\" data-elementor-lightbox-slideshow=\"58c770d\" data-e-action-hash=\"#elementor-action%3Aaction%3Dlightbox%26settings%3DeyJpZCI6NDYxLCJ1cmwiOiJodHRwczpcL1wvdHJhdW1iYWRiYXllcm4uZ3ctYS5kZVwvd3AtY29udGVudFwvdXBsb2Fkc1wvMjAyNVwvMTJcL1BORy1CaWxkLTMucG5nIiwic2xpZGVzaG93IjoiNThjNzcwZCJ9\">\n\t\t\t\t\t<div class=\"e-gallery-image elementor-gallery-item__image\" data-thumbnail=\"https:\/\/traumbadbayern.gw-a.de\/wp-content\/uploads\/2025\/12\/PNG-Bild-3-768x1024.png\" data-width=\"768\" data-height=\"1024\" aria-label=\"\" role=\"img\" ><\/div>\n\t\t\t\t\t\t\t\t\t\t\t<div class=\"elementor-gallery-item__overlay\"><\/div>\n\t\t\t\t\t\t\t\t\t\t\t\t\t\t<\/a>\n\t\t\t\t\t\t\t<a class=\"e-gallery-item elementor-gallery-item elementor-animated-content\" href=\"https:\/\/traumbadbayern.gw-a.de\/wp-content\/uploads\/2025\/12\/PNG-Bild-4.png\" data-elementor-open-lightbox=\"yes\" data-elementor-lightbox-slideshow=\"58c770d\" data-e-action-hash=\"#elementor-action%3Aaction%3Dlightbox%26settings%3DeyJpZCI6NDYyLCJ1cmwiOiJodHRwczpcL1wvdHJhdW1iYWRiYXllcm4uZ3ctYS5kZVwvd3AtY29udGVudFwvdXBsb2Fkc1wvMjAyNVwvMTJcL1BORy1CaWxkLTQucG5nIiwic2xpZGVzaG93IjoiNThjNzcwZCJ9\">\n\t\t\t\t\t<div class=\"e-gallery-image elementor-gallery-item__image\" data-thumbnail=\"https:\/\/traumbadbayern.gw-a.de\/wp-content\/uploads\/2025\/12\/PNG-Bild-4-768x1024.png\" data-width=\"768\" data-height=\"1024\" aria-label=\"\" role=\"img\" ><\/div>\n\t\t\t\t\t\t\t\t\t\t\t<div class=\"elementor-gallery-item__overlay\"><\/div>\n\t\t\t\t\t\t\t\t\t\t\t\t\t\t<\/a>\n\t\t\t\t\t\t\t<a class=\"e-gallery-item elementor-gallery-item elementor-animated-content\" href=\"https:\/\/traumbadbayern.gw-a.de\/wp-content\/uploads\/2025\/12\/PNG-Bild-5.png\" data-elementor-open-lightbox=\"yes\" data-elementor-lightbox-slideshow=\"58c770d\" data-e-action-hash=\"#elementor-action%3Aaction%3Dlightbox%26settings%3DeyJpZCI6NDYzLCJ1cmwiOiJodHRwczpcL1wvdHJhdW1iYWRiYXllcm4uZ3ctYS5kZVwvd3AtY29udGVudFwvdXBsb2Fkc1wvMjAyNVwvMTJcL1BORy1CaWxkLTUucG5nIiwic2xpZGVzaG93IjoiNThjNzcwZCJ9\">\n\t\t\t\t\t<div class=\"e-gallery-image elementor-gallery-item__image\" data-thumbnail=\"https:\/\/traumbadbayern.gw-a.de\/wp-content\/uploads\/2025\/12\/PNG-Bild-5-768x1024.png\" data-width=\"768\" data-height=\"1024\" aria-label=\"\" role=\"img\" ><\/div>\n\t\t\t\t\t\t\t\t\t\t\t<div class=\"elementor-gallery-item__overlay\"><\/div>\n\t\t\t\t\t\t\t\t\t\t\t\t\t\t<\/a>\n\t\t\t\t\t\t\t<a class=\"e-gallery-item elementor-gallery-item elementor-animated-content\" href=\"https:\/\/traumbadbayern.gw-a.de\/wp-content\/uploads\/2025\/12\/PNG-Bild-6.png\" data-elementor-open-lightbox=\"yes\" data-elementor-lightbox-slideshow=\"58c770d\" data-e-action-hash=\"#elementor-action%3Aaction%3Dlightbox%26settings%3DeyJpZCI6NDY0LCJ1cmwiOiJodHRwczpcL1wvdHJhdW1iYWRiYXllcm4uZ3ctYS5kZVwvd3AtY29udGVudFwvdXBsb2Fkc1wvMjAyNVwvMTJcL1BORy1CaWxkLTYucG5nIiwic2xpZGVzaG93IjoiNThjNzcwZCJ9\">\n\t\t\t\t\t<div class=\"e-gallery-image elementor-gallery-item__image\" data-thumbnail=\"https:\/\/traumbadbayern.gw-a.de\/wp-content\/uploads\/2025\/12\/PNG-Bild-6-768x1024.png\" data-width=\"768\" data-height=\"1024\" aria-label=\"\" role=\"img\" ><\/div>\n\t\t\t\t\t\t\t\t\t\t\t<div class=\"elementor-gallery-item__overlay\"><\/div>\n\t\t\t\t\t\t\t\t\t\t\t\t\t\t<\/a>\n\t\t\t\t\t\t\t<a class=\"e-gallery-item elementor-gallery-item elementor-animated-content\" href=\"https:\/\/traumbadbayern.gw-a.de\/wp-content\/uploads\/2025\/12\/PNG-Bild-7.png\" data-elementor-open-lightbox=\"yes\" data-elementor-lightbox-slideshow=\"58c770d\" data-e-action-hash=\"#elementor-action%3Aaction%3Dlightbox%26settings%3DeyJpZCI6NDY1LCJ1cmwiOiJodHRwczpcL1wvdHJhdW1iYWRiYXllcm4uZ3ctYS5kZVwvd3AtY29udGVudFwvdXBsb2Fkc1wvMjAyNVwvMTJcL1BORy1CaWxkLTcucG5nIiwic2xpZGVzaG93IjoiNThjNzcwZCJ9\">\n\t\t\t\t\t<div class=\"e-gallery-image elementor-gallery-item__image\" data-thumbnail=\"https:\/\/traumbadbayern.gw-a.de\/wp-content\/uploads\/2025\/12\/PNG-Bild-7-768x1024.png\" data-width=\"768\" data-height=\"1024\" aria-label=\"\" role=\"img\" ><\/div>\n\t\t\t\t\t\t\t\t\t\t\t<div class=\"elementor-gallery-item__overlay\"><\/div>\n\t\t\t\t\t\t\t\t\t\t\t\t\t\t<\/a>\n\t\t\t\t\t\t\t<a class=\"e-gallery-item elementor-gallery-item elementor-animated-content\" href=\"https:\/\/traumbadbayern.gw-a.de\/wp-content\/uploads\/2025\/12\/PNG-Bild.png\" data-elementor-open-lightbox=\"yes\" data-elementor-lightbox-slideshow=\"58c770d\" data-e-action-hash=\"#elementor-action%3Aaction%3Dlightbox%26settings%3DeyJpZCI6NDY2LCJ1cmwiOiJodHRwczpcL1wvdHJhdW1iYWRiYXllcm4uZ3ctYS5kZVwvd3AtY29udGVudFwvdXBsb2Fkc1wvMjAyNVwvMTJcL1BORy1CaWxkLnBuZyIsInNsaWRlc2hvdyI6IjU4Yzc3MGQifQ%3D%3D\">\n\t\t\t\t\t<div class=\"e-gallery-image elementor-gallery-item__image\" data-thumbnail=\"https:\/\/traumbadbayern.gw-a.de\/wp-content\/uploads\/2025\/12\/PNG-Bild-768x1024.png\" data-width=\"768\" data-height=\"1024\" aria-label=\"\" role=\"img\" ><\/div>\n\t\t\t\t\t\t\t\t\t\t\t<div class=\"elementor-gallery-item__overlay\"><\/div>\n\t\t\t\t\t\t\t\t\t\t\t\t\t\t<\/a>\n\t\t\t\t\t<\/div>\n\t\t\t\t\t<\/div>\n\t\t\t\t<\/div>\n\t\t\t\t\t<\/div>\n\t\t\t\t<\/div>\n\t\t\t\t<\/div>\n\t\t","protected":false},"excerpt":{"rendered":"<p>Augenblick mal: Referenzen, die f\u00fcr sich sprechen &#8211; und f\u00fcr uns. Aus alt mach Traumbad. Design trifft Funktionalit\u00e4t. Im Rahmen dieses Projekts wurde ein \u00fcber 25 Jahre altes Badezimmer vollst\u00e4ndig neu gestaltet. Die alte Wanne wurde durch eine gro\u00dfz\u00fcgige, ebenerdige Dusche ersetzt, um den Raum offener und komfortabler zu machen. Alle Wand- und Bodenfliesen wurden [&hellip;]<\/p>\n","protected":false},"author":1,"featured_media":0,"parent":0,"menu_order":0,"comment_status":"closed","ping_status":"closed","template":"","meta":{"footnotes":""},"class_list":["post-317","page","type-page","status-publish","hentry"],"_links":{"self":[{"href":"https:\/\/traumbadbayern.gw-a.de\/index.php?rest_route=\/wp\/v2\/pages\/317","targetHints":{"allow":["GET"]}}],"collection":[{"href":"https:\/\/traumbadbayern.gw-a.de\/index.php?rest_route=\/wp\/v2\/pages"}],"about":[{"href":"https:\/\/traumbadbayern.gw-a.de\/index.php?rest_route=\/wp\/v2\/types\/page"}],"author":[{"embeddable":true,"href":"https:\/\/traumbadbayern.gw-a.de\/index.php?rest_route=\/wp\/v2\/users\/1"}],"replies":[{"embeddable":true,"href":"https:\/\/traumbadbayern.gw-a.de\/index.php?rest_route=%2Fwp%2Fv2%2Fcomments&post=317"}],"version-history":[{"count":31,"href":"https:\/\/traumbadbayern.gw-a.de\/index.php?rest_route=\/wp\/v2\/pages\/317\/revisions"}],"predecessor-version":[{"id":549,"href":"https:\/\/traumbadbayern.gw-a.de\/index.php?rest_route=\/wp\/v2\/pages\/317\/revisions\/549"}],"wp:attachment":[{"href":"https:\/\/traumbadbayern.gw-a.de\/index.php?rest_route=%2Fwp%2Fv2%2Fmedia&parent=317"}],"curies":[{"name":"wp","href":"https:\/\/api.w.org\/{rel}","templated":true}]}}